{"id":35,"date":"2021-07-09T19:33:15","date_gmt":"2021-07-09T17:33:15","guid":{"rendered":"https:\/\/www.hdexpertises.com\/?page_id=35"},"modified":"2021-09-14T15:53:19","modified_gmt":"2021-09-14T13:53:19","slug":"pret-a-taux-zero","status":"publish","type":"page","link":"https:\/\/www.hdexpertises.com\/index.php\/pret-a-taux-zero\/","title":{"rendered":"Pr\u00eat \u00e0 Taux Z\u00e9ro"},"content":{"rendered":"<p>[vc_row css_animation=\u00a0\u00bb\u00a0\u00bb row_type=\u00a0\u00bbrow\u00a0\u00bb use_row_as_full_screen_section=\u00a0\u00bbno\u00a0\u00bb type=\u00a0\u00bbfull_width\u00a0\u00bb angled_section=\u00a0\u00bbno\u00a0\u00bb text_align=\u00a0\u00bbleft\u00a0\u00bb background_image_as_pattern=\u00a0\u00bbwithout_pattern\u00a0\u00bb][vc_column][vc_column_text]<\/p>\n<h1><span class=\"Style2\">CERTIFICAT D&rsquo;HABITABILITE &#8211; PRET A TAUX ZERO<\/span><\/h1>\n<p>Contr\u00f4ler les normes du bien n\u00e9cessaires \u00e0 l&rsquo;obtention de pr\u00eats bonifi\u00e9s.<br \/>\n(Pr\u00eat \u00e0 taux z\u00e9ro, pr\u00eat PAS, pr\u00eat Conventionn\u00e9.)<br \/>\nContr\u00f4ler les normes de surfaces et d&rsquo;habitabilit\u00e9 du logement concern\u00e9 par ce pr\u00eat pr\u00e9cis\u00e9es par l&rsquo;annexe au d\u00e9cret, dont les principales caract\u00e9ristiques concernent l&rsquo;\u00e9tanch\u00e9it\u00e9, les parties communes, les canalisations, les normes dimensionnelles (pi\u00e8ces et surfaces), les ouvertures et la ventilation, les installations cuisine et sanitaire, le gaz, l&rsquo;\u00e9lectricit\u00e9 et le chauffage.[\/vc_column_text][\/vc_column][\/vc_row][vc_row css_animation=\u00a0\u00bb\u00a0\u00bb row_type=\u00a0\u00bbrow\u00a0\u00bb use_row_as_full_screen_section=\u00a0\u00bbno\u00a0\u00bb type=\u00a0\u00bbfull_width\u00a0\u00bb angled_section=\u00a0\u00bbno\u00a0\u00bb text_align=\u00a0\u00bbleft\u00a0\u00bb background_image_as_pattern=\u00a0\u00bbwithout_pattern\u00a0\u00bb][vc_column][vc_single_image image=\u00a0\u00bb15993&Prime; img_size=\u00a0\u00bbmedium\u00a0\u00bb alignment=\u00a0\u00bbcenter\u00a0\u00bb qode_css_animation=\u00a0\u00bb\u00a0\u00bb][\/vc_column][\/vc_row][vc_row css_animation=\u00a0\u00bb\u00a0\u00bb row_type=\u00a0\u00bbrow\u00a0\u00bb use_row_as_full_screen_section=\u00a0\u00bbno\u00a0\u00bb type=\u00a0\u00bbfull_width\u00a0\u00bb angled_section=\u00a0\u00bbno\u00a0\u00bb text_align=\u00a0\u00bbleft\u00a0\u00bb background_image_as_pattern=\u00a0\u00bbwithout_pattern\u00a0\u00bb][vc_column][vc_column_text]<\/p>\n<h2 align=\"center\">Quelle validit\u00e9 ?<\/h2>\n<p style=\"text-align: center;\"><strong>Le certificat doit \u00eatre fourni \u00e0 l&rsquo;organisme bancaire de l&rsquo;acqu\u00e9reur.<\/strong><\/p>\n<h2 align=\"center\"><\/h2>\n<blockquote><p><strong>loi et d\u00e9cret<br \/>\n<\/strong>Loi de finances 2005 &#8211; Art.93 (JO du 31\/12\/04).<br \/>\nD\u00e9cret 2005-69 du 31\/01\/05 (JO 01\/02\/05).<br \/>\nArr\u00eat\u00e9 du 31\/01\/05 (JO du 01\/02\/05).<\/p><\/blockquote>\n<p>[\/vc_column_text][\/vc_column][\/vc_row]<\/p>\n","protected":false},"excerpt":{"rendered":"<p>[vc_row css_animation=\u00a0\u00bb\u00a0\u00bb row_type=\u00a0\u00bbrow\u00a0\u00bb use_row_as_full_screen_section=\u00a0\u00bbno\u00a0\u00bb type=\u00a0\u00bbfull_width\u00a0\u00bb angled_section=\u00a0\u00bbno\u00a0\u00bb text_align=\u00a0\u00bbleft\u00a0\u00bb background_image_as_pattern=\u00a0\u00bbwithout_pattern\u00a0\u00bb][vc_column][vc_column_text] CERTIFICAT D&rsquo;HABITABILITE &#8211; PRET A TAUX ZERO Contr\u00f4ler les normes du bien n\u00e9cessaires \u00e0 l&rsquo;obtention de pr\u00eats bonifi\u00e9s. (Pr\u00eat \u00e0 taux z\u00e9ro, pr\u00eat PAS, pr\u00eat Conventionn\u00e9.) Contr\u00f4ler les normes de surfaces et d&rsquo;habitabilit\u00e9 du logement concern\u00e9 par&#8230;<\/p>\n","protected":false},"author":2,"featured_media":0,"parent":0,"menu_order":0,"comment_status":"closed","ping_status":"closed","template":"","meta":[],"_links":{"self":[{"href":"https:\/\/www.hdexpertises.com\/index.php\/wp-json\/wp\/v2\/pages\/35"}],"collection":[{"href":"https:\/\/www.hdexpertises.com\/index.php\/wp-json\/wp\/v2\/pages"}],"about":[{"href":"https:\/\/www.hdexpertises.com\/index.php\/wp-json\/wp\/v2\/types\/page"}],"author":[{"embeddable":true,"href":"https:\/\/www.hdexpertises.com\/index.php\/wp-json\/wp\/v2\/users\/2"}],"replies":[{"embeddable":true,"href":"https:\/\/www.hdexpertises.com\/index.php\/wp-json\/wp\/v2\/comments?post=35"}],"version-history":[{"count":4,"href":"https:\/\/www.hdexpertises.com\/index.php\/wp-json\/wp\/v2\/pages\/35\/revisions"}],"predecessor-version":[{"id":16000,"href":"https:\/\/www.hdexpertises.com\/index.php\/wp-json\/wp\/v2\/pages\/35\/revisions\/16000"}],"wp:attachment":[{"href":"https:\/\/www.hdexpertises.com\/index.php\/wp-json\/wp\/v2\/media?parent=35"}],"curies":[{"name":"wp","href":"https:\/\/api.w.org\/{rel}","templated":true}]}}