{"id":29,"date":"2021-07-09T19:31:51","date_gmt":"2021-07-09T17:31:51","guid":{"rendered":"https:\/\/www.hdexpertises.com\/?page_id=29"},"modified":"2021-09-14T16:17:56","modified_gmt":"2021-09-14T14:17:56","slug":"etat-des-risques","status":"publish","type":"page","link":"https:\/\/www.hdexpertises.com\/index.php\/etat-des-risques\/","title":{"rendered":"Etat des Risques"},"content":{"rendered":"<p>[vc_row css_animation=\u00a0\u00bb\u00a0\u00bb row_type=\u00a0\u00bbrow\u00a0\u00bb use_row_as_full_screen_section=\u00a0\u00bbno\u00a0\u00bb type=\u00a0\u00bbfull_width\u00a0\u00bb angled_section=\u00a0\u00bbno\u00a0\u00bb text_align=\u00a0\u00bbleft\u00a0\u00bb background_image_as_pattern=\u00a0\u00bbwithout_pattern\u00a0\u00bb][vc_column][vc_column_text]<\/p>\n<h1>Etat des risques<br \/>\nnaturelles et technologiques<\/h1>\n<p>L&rsquo;etat des risques naturels et technologiques doit \u00eatre annex\u00e9 au compromis ou \u00e0 d\u00e9faut \u00e0 l&rsquo;acte de vente notari\u00e9, ainsi qu&rsquo;au bail locatif.<br \/>\nEnoncer les riques auxquels le bien peut \u00eatre expos\u00e9 en fonction de sa localisation.<br \/>\nImmeuble collectif ou individuelle \u00e0 usage principal Immeuble b\u00e2ti (immeuble collectif ou maison individuelle) ou non b\u00e2ti (terrain nu) situ\u00e9 dans une zone couverte par un plan de pr\u00e9vention des risques naturels, technologiques ou dans une zone de sismicit\u00e9 d\u00e9fini par d\u00e9cret.[\/vc_column_text][vc_empty_space][\/vc_column][\/vc_row][vc_row css_animation=\u00a0\u00bb\u00a0\u00bb row_type=\u00a0\u00bbrow\u00a0\u00bb use_row_as_full_screen_section=\u00a0\u00bbno\u00a0\u00bb type=\u00a0\u00bbfull_width\u00a0\u00bb angled_section=\u00a0\u00bbno\u00a0\u00bb text_align=\u00a0\u00bbleft\u00a0\u00bb background_image_as_pattern=\u00a0\u00bbwithout_pattern\u00a0\u00bb][vc_column][vc_single_image image=\u00a0\u00bb16007&Prime; img_size=\u00a0\u00bbmedium\u00a0\u00bb alignment=\u00a0\u00bbcenter\u00a0\u00bb qode_css_animation=\u00a0\u00bb\u00a0\u00bb][\/vc_column][\/vc_row][vc_row css_animation=\u00a0\u00bb\u00a0\u00bb row_type=\u00a0\u00bbrow\u00a0\u00bb use_row_as_full_screen_section=\u00a0\u00bbno\u00a0\u00bb type=\u00a0\u00bbfull_width\u00a0\u00bb angled_section=\u00a0\u00bbno\u00a0\u00bb text_align=\u00a0\u00bbleft\u00a0\u00bb background_image_as_pattern=\u00a0\u00bbwithout_pattern\u00a0\u00bb][vc_column][vc_column_text]<\/p>\n<h2 align=\"center\">Quelle validit\u00e9 ?<\/h2>\n<h2 align=\"center\">6 mois<\/h2>\n<div align=\"center\"><\/div>\n<blockquote><p><strong>loi et d\u00e9cret<\/strong><br \/>\nL 271-4 \u00e0 L 271-6 CCH + L125-5 et R 125-23 \u00e0 27<br \/>\ncode environnement<\/p><\/blockquote>\n<p>[\/vc_column_text][\/vc_column][\/vc_row]<\/p>\n","protected":false},"excerpt":{"rendered":"<p>[vc_row css_animation=\u00a0\u00bb\u00a0\u00bb row_type=\u00a0\u00bbrow\u00a0\u00bb use_row_as_full_screen_section=\u00a0\u00bbno\u00a0\u00bb type=\u00a0\u00bbfull_width\u00a0\u00bb angled_section=\u00a0\u00bbno\u00a0\u00bb text_align=\u00a0\u00bbleft\u00a0\u00bb background_image_as_pattern=\u00a0\u00bbwithout_pattern\u00a0\u00bb][vc_column][vc_column_text] Etat des risques naturelles et technologiques L&rsquo;etat des risques naturels et technologiques doit \u00eatre annex\u00e9 au compromis ou \u00e0 d\u00e9faut \u00e0 l&rsquo;acte de vente notari\u00e9, ainsi qu&rsquo;au bail locatif. Enoncer les riques auxquels le bien peut \u00eatre&#8230;<\/p>\n","protected":false},"author":2,"featured_media":0,"parent":0,"menu_order":0,"comment_status":"closed","ping_status":"closed","template":"","meta":[],"_links":{"self":[{"href":"https:\/\/www.hdexpertises.com\/index.php\/wp-json\/wp\/v2\/pages\/29"}],"collection":[{"href":"https:\/\/www.hdexpertises.com\/index.php\/wp-json\/wp\/v2\/pages"}],"about":[{"href":"https:\/\/www.hdexpertises.com\/index.php\/wp-json\/wp\/v2\/types\/page"}],"author":[{"embeddable":true,"href":"https:\/\/www.hdexpertises.com\/index.php\/wp-json\/wp\/v2\/users\/2"}],"replies":[{"embeddable":true,"href":"https:\/\/www.hdexpertises.com\/index.php\/wp-json\/wp\/v2\/comments?post=29"}],"version-history":[{"count":3,"href":"https:\/\/www.hdexpertises.com\/index.php\/wp-json\/wp\/v2\/pages\/29\/revisions"}],"predecessor-version":[{"id":16008,"href":"https:\/\/www.hdexpertises.com\/index.php\/wp-json\/wp\/v2\/pages\/29\/revisions\/16008"}],"wp:attachment":[{"href":"https:\/\/www.hdexpertises.com\/index.php\/wp-json\/wp\/v2\/media?parent=29"}],"curies":[{"name":"wp","href":"https:\/\/api.w.org\/{rel}","templated":true}]}}